{"id":355,"date":"2025-04-05T22:24:33","date_gmt":"2025-04-05T20:24:33","guid":{"rendered":"https:\/\/zagros-centre.org\/es\/?page_id=355"},"modified":"2025-04-05T23:19:52","modified_gmt":"2025-04-05T21:19:52","slug":"355-2","status":"publish","type":"page","link":"https:\/\/zagros-centre.org\/es\/?page_id=355","title":{"rendered":"\u00bfQui\u00e9nes somos?"},"content":{"rendered":"<p style=\"text-align: justify;\">El Centro Zagros para los Derechos Humanos es una organizaci\u00f3n no gubernamental fundada en 2010 y con sede en Ginebra, Suiza. Desde julio de 2021, goza del estatus consultivo ante el Consejo Econ\u00f3mico y Social de las Naciones Unidas (ECOSOC), lo que refuerza su capacidad para promover los derechos humanos a nivel internacional.<\/p>\n<p>&nbsp;<\/p>\n<p style=\"text-align: justify;\"><strong>Nuestra Misi\u00f3n<\/strong><\/p>\n<p style=\"text-align: justify;\">Aspiramos a un mundo en el que cada persona disfrute plenamente de los derechos fundamentales consagrados en la Declaraci\u00f3n Universal de los Derechos Humanos y otros instrumentos internacionales pertinentes. Nuestro compromiso se refleja en los siguientes objetivos:<\/p>\n<ul style=\"text-align: justify;\">\n<li>Promoci\u00f3n de los derechos humanos;<\/li>\n<li>Apoyo al desarrollo social;<\/li>\n<li>Promoci\u00f3n de la igualdad de g\u00e9nero;<\/li>\n<li>Defensa de los derechos de los ni\u00f1os;<\/li>\n<li>Protecci\u00f3n de los derechos de los pueblos ind\u00edgenas y de las minor\u00edas;<\/li>\n<li>Lucha por la abolici\u00f3n de la pena de muerte;<\/li>\n<li>Promoci\u00f3n de la protecci\u00f3n del medio ambiente.<\/li>\n<\/ul>\n<p>&nbsp;<\/p>\n<p style=\"text-align: justify;\"><strong>Nuestras Actividades<\/strong><\/p>\n<p style=\"text-align: justify;\">Para alcanzar estos objetivos, el Centro Zagros realiza diversas actividades, entre ellas:<\/p>\n<ul style=\"text-align: justify;\">\n<li>Organizaci\u00f3n de conferencias y seminarios sobre cuestiones relacionadas con los derechos humanos, a menudo en colaboraci\u00f3n con otras organizaciones;<\/li>\n<li>Participaci\u00f3n en campa\u00f1as de ayuda a las v\u00edctimas de violaciones de los derechos humanos;<\/li>\n<li>Promoci\u00f3n de la educaci\u00f3n en derechos humanos y apoyo a la investigaci\u00f3n en estos temas;<\/li>\n<li>Intercambio de informaci\u00f3n y cooperaci\u00f3n con diversas organizaciones dedicadas a los derechos humanos.<\/li>\n<\/ul>\n<p>&nbsp;<\/p>\n<p style=\"text-align: justify;\"><strong>Nuestros Recursos<\/strong><\/p>\n<p style=\"text-align: justify;\">El Centro Zagros no recibe financiaci\u00f3n p\u00fablica. Nuestras actividades se financian exclusivamente con las contribuciones voluntarias y donaciones de nuestros miembros, as\u00ed como con su compromiso voluntario continuo.<\/p>\n<p>&nbsp;<\/p>\n<p style=\"text-align: justify;\"><strong>Nuestro Equipo<\/strong><\/p>\n<p style=\"text-align: justify;\">El Centro Zagros est\u00e1 dirigido por un comit\u00e9 ejecutivo elegido democr\u00e1ticamente durante la asamblea general anual, junto con varios subcomit\u00e9s formados por activistas voluntarios comprometidos. Nuestra estructura actual incluye:<\/p>\n<p>&nbsp;<\/p>\n<p style=\"text-align: justify;\">\n<table id=\"tablepress-1\" class=\"tablepress tablepress-id-1\">\n<tbody>\n<tr class=\"row-1\">\n\t<td class=\"column-1\">Presidente<\/td><td class=\"column-2\">Sr. Mohammad Azad Salawati<\/td><td class=\"column-3\"><img loading=\"lazy\" decoding=\"async\" src=\"https:\/\/zagros-centre.org\/es\/wp-content\/uploads\/2024\/02\/AzadSalawati-826x1024.jpg\" alt=\"\" width=\"120\" height=\"175\" class=\"alignnone size-large wp-image-251\" \/><\/td>\n<\/tr>\n<tr class=\"row-2\">\n\t<td class=\"column-1\">Directora administrativa<\/td><td class=\"column-2\">Sra.. Samira Mohamad<\/td><td class=\"column-3\"><img loading=\"lazy\" decoding=\"async\" src=\"https:\/\/zagros-centre.org\/es\/wp-content\/uploads\/2024\/02\/SamiraMohamad.jpg\" alt=\"\" width=\"120\" height=\"175\" class=\"alignnone size-full wp-image-250\" \/><\/td>\n<\/tr>\n<tr class=\"row-3\">\n\t<td class=\"column-1\">Tesorera<\/td><td class=\"column-2\">Sra. Anja OKSALAMPI<\/td><td class=\"column-3\"><img loading=\"lazy\" decoding=\"async\" src=\"https:\/\/zagros-centre.org\/es\/wp-content\/uploads\/2024\/02\/Oksalampi-Anja.jpg\" alt=\"\" width=\"120\" height=\"175\" class=\"alignnone size-full wp-image-247\" \/><\/td>\n<\/tr>\n<tr class=\"row-4\">\n\t<td class=\"column-1\">Representante ante las Naciones Unidas en Nueva York<\/td><td class=\"column-2\"><\/td><td class=\"column-3\"><\/td>\n<\/tr>\n<tr class=\"row-5\">\n\t<td class=\"column-1\">Representante en Irak y ante el Gobierno Regional del Kurdist\u00e1n<\/td><td class=\"column-2\">Sr. Sarkawt Rajab Haji MZURI<\/td><td class=\"column-3\"><img loading=\"lazy\" decoding=\"async\" src=\"https:\/\/zagros-centre.org\/es\/wp-content\/uploads\/2025\/04\/SarkawtMzuri-805x1024.jpg\" alt=\"\" width=\"120\" height=\"175\" class=\"alignnone size-large wp-image-353\" \/><\/td>\n<\/tr>\n<tr class=\"row-6\">\n\t<td class=\"column-1\">Coordinador de derechos humanos para Ir\u00e1n<\/td><td class=\"column-2\"><\/td><td class=\"column-3\"><\/td>\n<\/tr>\n<\/tbody>\n<\/table>\n<!-- #tablepress-1 from cache -->\n","protected":false},"excerpt":{"rendered":"<p>El Centro Zagros para los Derechos Humanos es una organizaci\u00f3n no gubernamental fundada en 2010 y con sede en Ginebra, Suiza. Desde julio de 2021, goza del estatus consultivo ante el Consejo Econ\u00f3mico y Social de las Naciones Unidas (ECOSOC), lo que refuerza su capacidad para promover los derechos humanos a nivel internacional. &nbsp; Nuestra &hellip;<\/p>\n","protected":false},"author":1,"featured_media":0,"parent":0,"menu_order":0,"comment_status":"closed","ping_status":"closed","template":"","meta":{"footnotes":""},"class_list":["post-355","page","type-page","status-publish",""],"_links":{"self":[{"href":"https:\/\/zagros-centre.org\/es\/index.php?rest_route=\/wp\/v2\/pages\/355","targetHints":{"allow":["GET"]}}],"collection":[{"href":"https:\/\/zagros-centre.org\/es\/index.php?rest_route=\/wp\/v2\/pages"}],"about":[{"href":"https:\/\/zagros-centre.org\/es\/index.php?rest_route=\/wp\/v2\/types\/page"}],"author":[{"embeddable":true,"href":"https:\/\/zagros-centre.org\/es\/index.php?rest_route=\/wp\/v2\/users\/1"}],"replies":[{"embeddable":true,"href":"https:\/\/zagros-centre.org\/es\/index.php?rest_route=%2Fwp%2Fv2%2Fcomments&post=355"}],"version-history":[{"count":0,"href":"https:\/\/zagros-centre.org\/es\/index.php?rest_route=\/wp\/v2\/pages\/355\/revisions"}],"wp:attachment":[{"href":"https:\/\/zagros-centre.org\/es\/index.php?rest_route=%2Fwp%2Fv2%2Fmedia&parent=355"}],"curies":[{"name":"wp","href":"https:\/\/api.w.org\/{rel}","templated":true}]}}