{"id":422,"date":"2025-11-17T17:08:46","date_gmt":"2025-11-17T16:08:46","guid":{"rendered":"https:\/\/zagros-centre.org\/es\/?page_id=422"},"modified":"2025-11-17T17:08:46","modified_gmt":"2025-11-17T16:08:46","slug":"contacto-2","status":"publish","type":"page","link":"https:\/\/zagros-centre.org\/es\/?page_id=422","title":{"rendered":"Contacto"},"content":{"rendered":"<p><span class=\"tlid-translation translation\" lang=\"es\"><span class=\"\" title=\"\">Para contactarnos, complete el formulario a continuaci\u00f3n o env\u00edenos una carta a la siguiente direcci\u00f3n:<\/span><br \/>\ninfo<span style=\"display: none;\">spam<\/span>@zagros-centre.org<\/span><\/p>\n    <div class=\"zagros-contact-wrapper\" dir=\"ltr\">\n        <form class=\"zagros-contact-form\" method=\"post\">\n            <h3 class=\"zagros-form-title\">Contacto<\/h3>\n\n            \n            <input type=\"text\" name=\"zagros_hp\" value=\"\" style=\"display:none !important;\" autocomplete=\"off\">\n            <input type=\"hidden\" name=\"zagros_time\" value=\"1777401003\">\n\n            <div class=\"zagros-row\">\n                <label for=\"zagros_name\">Nombre *<\/label>\n                <input type=\"text\" id=\"zagros_name\" name=\"zagros_name\" value=\"\" required>\n            <\/div>\n\n            <div class=\"zagros-row\">\n                <label for=\"zagros_email\">Correo electr\u00f3nico *<\/label>\n                <input type=\"email\" id=\"zagros_email\" name=\"zagros_email\" value=\"\" required>\n            <\/div>\n\n            <div class=\"zagros-row\">\n                <label for=\"zagros_subject\">Asunto<\/label>\n                <input type=\"text\" id=\"zagros_subject\" name=\"zagros_subject\" value=\"\">\n            <\/div>\n\n            <div class=\"zagros-row\">\n                <label for=\"zagros_message\">Mensaje *<\/label>\n                <textarea id=\"zagros_message\" name=\"zagros_message\" rows=\"6\" required><\/textarea>\n            <\/div>\n\n            <div class=\"zagros-row zagros-consent-row\">\n                <label class=\"zagros-consent-label\">\n                    <input type=\"checkbox\" name=\"zagros_consent\" value=\"1\"  required>\n                    <span>Acepto que los datos introducidos en este formulario sean utilizados pour contactarme.<\/span>\n                <\/label>\n            <\/div>\n\n                            <div class=\"zagros-row zagros-recaptcha-row\">\n                    <div class=\"g-recaptcha\" data-sitekey=\"6LfFiQ8sAAAAAM3CTbk8sAXxwhoOV9tQrbPOzxZn\"><\/div>\n                <\/div>\n            \n            <div class=\"zagros-row zagros-submit-row\">\n                <input type=\"hidden\" id=\"zagros_acf_nonce\" name=\"zagros_acf_nonce\" value=\"d82c1c9b7d\" \/><input type=\"hidden\" name=\"_wp_http_referer\" value=\"\/es\/index.php?rest_route=%2Fwp%2Fv2%2Fpages%2F422\" \/>                <input type=\"hidden\" name=\"zagros_acf_form_submitted\" value=\"1\">\n                <button type=\"submit\" class=\"zagros-submit-btn\">Enviar<\/button>\n            <\/div>\n        <\/form>\n    <\/div>\n    \n","protected":false},"excerpt":{"rendered":"<p>Para contactarnos, complete el formulario a continuaci\u00f3n o env\u00edenos una carta a la siguiente direcci\u00f3n: infospam@zagros-centre.org<\/p>\n","protected":false},"author":1,"featured_media":0,"parent":0,"menu_order":0,"comment_status":"closed","ping_status":"closed","template":"","meta":{"footnotes":""},"class_list":["post-422","page","type-page","status-publish",""],"_links":{"self":[{"href":"https:\/\/zagros-centre.org\/es\/index.php?rest_route=\/wp\/v2\/pages\/422","targetHints":{"allow":["GET"]}}],"collection":[{"href":"https:\/\/zagros-centre.org\/es\/index.php?rest_route=\/wp\/v2\/pages"}],"about":[{"href":"https:\/\/zagros-centre.org\/es\/index.php?rest_route=\/wp\/v2\/types\/page"}],"author":[{"embeddable":true,"href":"https:\/\/zagros-centre.org\/es\/index.php?rest_route=\/wp\/v2\/users\/1"}],"replies":[{"embeddable":true,"href":"https:\/\/zagros-centre.org\/es\/index.php?rest_route=%2Fwp%2Fv2%2Fcomments&post=422"}],"version-history":[{"count":1,"href":"https:\/\/zagros-centre.org\/es\/index.php?rest_route=\/wp\/v2\/pages\/422\/revisions"}],"predecessor-version":[{"id":423,"href":"https:\/\/zagros-centre.org\/es\/index.php?rest_route=\/wp\/v2\/pages\/422\/revisions\/423"}],"wp:attachment":[{"href":"https:\/\/zagros-centre.org\/es\/index.php?rest_route=%2Fwp%2Fv2%2Fmedia&parent=422"}],"curies":[{"name":"wp","href":"https:\/\/api.w.org\/{rel}","templated":true}]}}