{"id":1662,"date":"2023-08-29T05:08:00","date_gmt":"2023-08-29T03:08:00","guid":{"rendered":"https:\/\/zagros-centre.org\/?page_id=1662"},"modified":"2024-08-11T19:32:24","modified_gmt":"2024-08-11T17:32:24","slug":"le-statut-du-centre-zagros-pour-les-droits-de-lhomme-2","status":"publish","type":"page","link":"https:\/\/zagros-centre.org\/?page_id=1662","title":{"rendered":"Statuts du Centre Zagros pour les Droits de l\u2019Homme"},"content":{"rendered":"<p><a href=\"https:\/\/zagros-centre.org\/wp-content\/uploads\/2024\/08\/Statut-du-Centre-Zagros-2023_sans_signature.pdf\"><img loading=\"lazy\" decoding=\"async\" class=\"alignnone size-thumbnail wp-image-621\" src=\"https:\/\/zagros-centre.org\/wp-content\/uploads\/2019\/08\/pdf-1-100x75.png\" alt=\"\" width=\"100\" height=\"75\" \/><\/a><\/p>\n<p><strong>D\u00e9nomination et si\u00e8ge<\/strong><\/p>\n<p><strong>Article 1<\/strong><\/p>\n<p>Sous la d\u00e9nomination de \u00ab <strong>Centre Zagros pour les Droits de l&rsquo;Homme<\/strong> \u00bb (ci-apr\u00e8s d\u00e9nomm\u00e9 \u00ab <strong>Centre Zagros<\/strong> \u00bb), une association de droit priv\u00e9, r\u00e9gie par les articles 60 et suivants du Code civil suisse (\u00ab CC \u00bb), est cr\u00e9\u00e9e. Sa dur\u00e9e est ind\u00e9termin\u00e9e.<\/p>\n<p><strong>\u00a0<\/strong><\/p>\n<p><strong>Article 2<\/strong><\/p>\n<p>Le si\u00e8ge social de l&rsquo;association est \u00e9tabli \u00e0 Gen\u00e8ve. Il peut \u00eatre d\u00e9plac\u00e9 par d\u00e9cision du comit\u00e9 ex\u00e9cutif.<\/p>\n<p>&nbsp;<\/p>\n<p><strong>Article 3<\/strong><\/p>\n<p>L\u2019association est politiquement et religieusement neutre.<\/p>\n<p>&nbsp;<\/p>\n<p><strong>Buts<\/strong><\/p>\n<p><strong>Article 4<\/strong><\/p>\n<p>L&rsquo;association a pour objectifs de :<\/p>\n<ul>\n<li>Promouvoir les droits de l&rsquo;homme ;<\/li>\n<li>Favoriser le d\u00e9veloppement social ;<\/li>\n<li>Encourager l&rsquo;\u00e9galit\u00e9 entre hommes et femmes ;<\/li>\n<li>D\u00e9fendre les droits des enfants ;<\/li>\n<li>Prot\u00e9ger les droits des populations autochtones, des minorit\u00e9s ethniques et des minorit\u00e9s nationales ;<\/li>\n<li>\u0152uvrer en faveur de l&rsquo;abolition de la peine capitale ;<\/li>\n<li>Promouvoir la pr\u00e9servation de la nature et de l&rsquo;environnement.<\/li>\n<\/ul>\n<p>&nbsp;<\/p>\n<p><strong>Ressources<\/strong><\/p>\n<p><strong>Article 5<\/strong><\/p>\n<p>Les ressources de l&rsquo;association sont constitu\u00e9es par :<\/p>\n<ul>\n<li>Les cotisations des membres ;<\/li>\n<li>Les subventions \u00e9manant de l&rsquo;\u00c9tat et des collectivit\u00e9s publiques ;<\/li>\n<li>Les dons de particuliers et d&rsquo;entreprises ;<\/li>\n<li>Toutes autres ressources conformes aux lois et r\u00e8glements en vigueur.<\/li>\n<\/ul>\n<p>&nbsp;<\/p>\n<p><strong>Membres<\/strong><\/p>\n<p><strong>Article 6<\/strong><\/p>\n<p>Peuvent devenir membres de l&rsquo;association toute personne physique ou morale int\u00e9ress\u00e9e par la r\u00e9alisation des objectifs d\u00e9finis \u00e0 l&rsquo;article 3 des pr\u00e9sents statuts.<\/p>\n<p>&nbsp;<\/p>\n<p><strong>Article 7<\/strong><\/p>\n<p>L&rsquo;association se compose de deux cat\u00e9gories de membres :<\/p>\n<ul>\n<li><strong>Membres actifs :<\/strong> Ils s&rsquo;impliquent activement dans les activit\u00e9s de l&rsquo;association, ce qui peut inclure la participation \u00e0 des r\u00e9unions, des projets, des \u00e9v\u00e9nements, des campagnes ou d&rsquo;autres initiatives. En tant que tels, ils sont souvent tenus de payer des cotisations annuelles ou des frais d&rsquo;adh\u00e9sion pour soutenir financi\u00e8rement l&rsquo;association. Les membres actifs ont le droit de participer activement aux d\u00e9cisions et aux activit\u00e9s de l&rsquo;association, y compris le droit de vote lors des assembl\u00e9es g\u00e9n\u00e9rales.<\/li>\n<\/ul>\n<p>&nbsp;<\/p>\n<ul>\n<li><strong>Membres d&rsquo;honneur :<\/strong> Ils sont g\u00e9n\u00e9ralement d\u00e9sign\u00e9s en raison de leurs contributions exceptionnelles \u00e0 l&rsquo;association, qui peuvent prendre diverses formes, telles que des contributions financi\u00e8res, intellectuelles, b\u00e9n\u00e9voles ou d&rsquo;autres formes de soutien remarquable. Contrairement aux membres actifs, les membres d&rsquo;honneur ne sont pas tenus de payer des cotisations ou des frais d&rsquo;adh\u00e9sion. Cependant, il convient de noter qu&rsquo;ils n&rsquo;ont pas le droit de vote au sein de l&rsquo;association.<\/li>\n<\/ul>\n<p>&nbsp;<\/p>\n<p><strong>Article 8<\/strong><\/p>\n<p>Les demandes d&rsquo;adh\u00e9sion sont soumises au Comit\u00e9. Le Comit\u00e9 admet de nouveaux membres et en informe l&rsquo;Assembl\u00e9e g\u00e9n\u00e9rale.<\/p>\n<p>&nbsp;<\/p>\n<p><strong>Article 9<\/strong><\/p>\n<p>La qualit\u00e9 de membre peut \u00eatre perdue par :<\/p>\n<ul>\n<li>D\u00e9mission ;<\/li>\n<li>Exclusion d\u00e9cid\u00e9e par le Comit\u00e9 pour des motifs justes ;<\/li>\n<li>D\u00e9faut de paiement des cotisations durant les six premiers mois de l&rsquo;ann\u00e9e en cours ;<\/li>\n<li>Expiration du terme pr\u00e9vu. Dans tous les cas, la cotisation de l&rsquo;ann\u00e9e reste due. Les membres d\u00e9missionnaires ou exclus n&rsquo;ont aucun droit au remboursement de leur cotisation.<\/li>\n<\/ul>\n<p>&nbsp;<\/p>\n<p><strong>Organes<\/strong><\/p>\n<p><strong>Article 10<\/strong><\/p>\n<p>Les organes de l&rsquo;Association sont :<\/p>\n<ul>\n<li>L&rsquo;assembl\u00e9e g\u00e9n\u00e9rale ;<\/li>\n<li>Le comit\u00e9 ex\u00e9cutif ;<\/li>\n<li>L&rsquo;organe de contr\u00f4le des comptes.<\/li>\n<\/ul>\n<p>&nbsp;<\/p>\n<p><strong>Assembl\u00e9e G\u00e9n\u00e9rale<\/strong><\/p>\n<p><strong>Article 11<\/strong><\/p>\n<p>L&rsquo;assembl\u00e9e g\u00e9n\u00e9rale constitue l&rsquo;organe supr\u00eame de l&rsquo;Association. Elle est compos\u00e9e de tous les membres actifs et se r\u00e9unit au moins une fois par an, sur convocation du comit\u00e9 ex\u00e9cutif.<\/p>\n<p>&nbsp;<\/p>\n<p><strong>Article 12<\/strong><\/p>\n<p>L&rsquo;Assembl\u00e9e est pr\u00e9sid\u00e9e par le Pr\u00e9sident du Comit\u00e9 ou l&rsquo;un des membres du comit\u00e9. Un secr\u00e9taire est \u00e9galement d\u00e9sign\u00e9 pour assister aux travaux de l&rsquo;Assembl\u00e9e.<\/p>\n<p>&nbsp;<\/p>\n<p><strong>Article 13<\/strong><\/p>\n<p>Les votes ont lieu \u00e0 main lev\u00e9e, sauf demande d&rsquo;au moins un tiers des membres pour un vote secret. Les votes par procuration ne sont pas autoris\u00e9s.<\/p>\n<p>&nbsp;<\/p>\n<p><strong>Article 14<\/strong><\/p>\n<p>Les d\u00e9cisions de l&rsquo;assembl\u00e9e g\u00e9n\u00e9rale sont prises \u00e0 la majorit\u00e9 simple des membres pr\u00e9sents. En cas d&rsquo;\u00e9galit\u00e9, la voix du pr\u00e9sident pr\u00e9vaut. Cependant, les d\u00e9cisions relatives \u00e0 la modification des statuts, \u00e0 la dissolution de l&rsquo;Association et \u00e0 l&rsquo;exclusion d&rsquo;un membre n\u00e9cessitent une majorit\u00e9 des deux tiers des membres pr\u00e9sents.<\/p>\n<p>&nbsp;<\/p>\n<p><strong>Article 15<\/strong><\/p>\n<p>L&rsquo;assembl\u00e9e g\u00e9n\u00e9rale est comp\u00e9tente pour :<\/p>\n<ul>\n<li>Approuver le proc\u00e8s-verbal de la derni\u00e8re Assembl\u00e9e g\u00e9n\u00e9rale ;<\/li>\n<li>\u00c9lire et r\u00e9voquer les membres du comit\u00e9 ex\u00e9cutif et de l&rsquo;organe de contr\u00f4le des comptes ;<\/li>\n<li>Approuver les comptes annuels et le budget pr\u00e9visionnel ;<\/li>\n<li>Fixer la cotisation annuelle ;<\/li>\n<li>Modifier les statuts ;<\/li>\n<li>Exclure un membre ;<\/li>\n<li>Dissoudre l&rsquo;Association.<\/li>\n<\/ul>\n<p>&nbsp;<\/p>\n<p><strong>Comit\u00e9 Ex\u00e9cutif<\/strong><\/p>\n<p><strong>Article 16<\/strong><\/p>\n<p>L&rsquo;association est dirig\u00e9e par un comit\u00e9 ex\u00e9cutif compos\u00e9 de trois membres :<\/p>\n<ul>\n<li>Un(e) pr\u00e9sident(e) ;<\/li>\n<li>Un(e) directeur(trice) administratif(ve) ;<\/li>\n<li>Un(e) tr\u00e9sorier(\u00e8re).<\/li>\n<\/ul>\n<p>&nbsp;<\/p>\n<p><strong>Article 17<\/strong><\/p>\n<p>Le comit\u00e9 ex\u00e9cutif assure la gestion courante de l&rsquo;association, repr\u00e9sente l&rsquo;association dans les affaires civiles et poss\u00e8de les pouvoirs n\u00e9cessaires \u00e0 cet effet.<\/p>\n<p>&nbsp;<\/p>\n<p><strong>Article 18<\/strong><\/p>\n<p>Pour \u00eatre \u00e9ligible au comit\u00e9 ex\u00e9cutif, un membre doit remplir les conditions suivantes :<\/p>\n<ul>\n<li>\u00catre membre actif de l&rsquo;association depuis au moins une ann\u00e9e ;<\/li>\n<li>\u00catre en r\u00e8gle avec le paiement des cotisations.<\/li>\n<li>Ne pas occuper simultan\u00e9ment des postes de direction ou de responsabilit\u00e9 dans d&rsquo;autres associations ayant des objectifs similaires, conform\u00e9ment \u00e0 l&rsquo;article [Num\u00e9ro de l&rsquo;article \u00e0 ins\u00e9rer] de ces statuts.<\/li>\n<\/ul>\n<p>&nbsp;<\/p>\n<p><strong>Article 19<\/strong><\/p>\n<p>Le comit\u00e9 ex\u00e9cutif se r\u00e9unit au moins une fois par trimestre et \u00e0 la demande du pr\u00e9sident. Les membres sont convoqu\u00e9s par \u00e9crit au moins quinze jours \u00e0 l&rsquo;avance, accompagn\u00e9s de l&rsquo;ordre du jour. Les propositions des membres doivent \u00eatre inscrites \u00e0 l&rsquo;ordre du jour de l&rsquo;assembl\u00e9e g\u00e9n\u00e9rale si elles sont soumises au moins 10 jours \u00e0 l&rsquo;avance.<\/p>\n<p>&nbsp;<\/p>\n<p><strong>Article 20<\/strong><\/p>\n<p>Les membres du comit\u00e9 ex\u00e9cutif sont \u00e9lus pour un an par l&rsquo;assembl\u00e9e g\u00e9n\u00e9rale et sont r\u00e9\u00e9ligibles. Les d\u00e9cisions du Comit\u00e9 sont prises \u00e0 la majorit\u00e9 simple. En cas d&rsquo;\u00e9galit\u00e9, la voix du pr\u00e9sident est pr\u00e9pond\u00e9rante.<\/p>\n<p>&nbsp;<\/p>\n<p><strong>Article 21<\/strong><\/p>\n<p>Le Comit\u00e9 est charg\u00e9 de :<\/p>\n<ul>\n<li><strong>Gestion Financi\u00e8re et Prise de D\u00e9cision :<\/strong> Il g\u00e8re avec soin les finances de l&rsquo;association, y compris les cotisations des membres, les subventions, les dons et autres revenus. La conformit\u00e9 aux lois financi\u00e8res en vigueur est une priorit\u00e9. De plus, le Comit\u00e9 Ex\u00e9cutif prend des d\u00e9cisions cruciales concernant la planification des activit\u00e9s, la gestion des ressources et la repr\u00e9sentation l\u00e9gale de l&rsquo;association lors de ses r\u00e9unions r\u00e9guli\u00e8res. Les d\u00e9cisions sont prises par un vote \u00e0 la majorit\u00e9 simple, avec le pr\u00e9sident tranchant en cas d&rsquo;\u00e9galit\u00e9.<\/li>\n<\/ul>\n<p>&nbsp;<\/p>\n<ul>\n<li><strong>Repr\u00e9sentation L\u00e9gale et R\u00e9unions :<\/strong> Le Comit\u00e9 Ex\u00e9cutif agit comme le repr\u00e9sentant l\u00e9gal de l&rsquo;association dans diverses transactions et contrats. Il se r\u00e9unit r\u00e9guli\u00e8rement, au minimum une fois par trimestre, et sur convocation du pr\u00e9sident lorsque n\u00e9cessaire. Les membres re\u00e7oivent des convocations \u00e9crites avec un ordre du jour au moins quinze jours avant la r\u00e9union. Les propositions des membres peuvent \u00eatre incluses \u00e0 l&rsquo;ordre du jour de l&rsquo;assembl\u00e9e g\u00e9n\u00e9rale s&rsquo;ils sont soumis au moins dix jours avant la r\u00e9union. Les r\u00e9unions sont consign\u00e9es pour assurer la transparence.<\/li>\n<\/ul>\n<p>&nbsp;<\/p>\n<ul>\n<li><strong>Autres Responsabilit\u00e9s :<\/strong> Outre ces responsabilit\u00e9s financi\u00e8res, d\u00e9cisionnelles et l\u00e9gales, le Comit\u00e9 Ex\u00e9cutif s&rsquo;engage dans d&rsquo;autres t\u00e2ches cruciales. Il prend des mesures pour atteindre les objectifs de l&rsquo;association, convoque les assembl\u00e9es g\u00e9n\u00e9rales ordinaires et extraordinaires, d\u00e9cide de l&rsquo;adh\u00e9sion, de la d\u00e9mission et de l&rsquo;exclusion des membres, et veille \u00e0 l&rsquo;application des statuts, \u00e0 la r\u00e9daction des r\u00e8glements et \u00e0 la gestion des biens de l&rsquo;Association. Ces efforts conjoints contribuent \u00e0 l&rsquo;efficacit\u00e9 continue de l&rsquo;association dans la r\u00e9alisation de ses objectifs.<\/li>\n<\/ul>\n<p>&nbsp;<\/p>\n<p><strong>Article 22<\/strong><\/p>\n<p>Le Comit\u00e9 tient les comptes de l&rsquo;Association, v\u00e9rifi\u00e9s par deux v\u00e9rificateurs \u00e9lus par l&rsquo;Assembl\u00e9e g\u00e9n\u00e9rale. Les v\u00e9rificateurs pr\u00e9sentent un rapport \u00e0 l&rsquo;Assembl\u00e9e g\u00e9n\u00e9rale.<\/p>\n<p>&nbsp;<\/p>\n<p><strong>Article 23<\/strong><\/p>\n<p>En cas de r\u00e9vocation ou de d\u00e9mission en cours de mandat, le Comit\u00e9 peut nommer un membre rempla\u00e7ant par cooptation, jusqu\u2019\u00e0 la prochaine Assembl\u00e9e g\u00e9n\u00e9rale.<\/p>\n<p>&nbsp;<\/p>\n<p><strong>Article 24<\/strong><\/p>\n<p>Le Comit\u00e9 peut confier des mandats limit\u00e9s dans le temps \u00e0 des personnes internes ou externes \u00e0 l&rsquo;Association. Il engage et peut licencier des collaborateurs r\u00e9mun\u00e9r\u00e9s ou b\u00e9n\u00e9voles. Les employ\u00e9s r\u00e9mun\u00e9r\u00e9s de l&rsquo;Association ont une voix consultative au comit\u00e9.<\/p>\n<p>&nbsp;<\/p>\n<p><strong>Article 25<\/strong><\/p>\n<p>Les membres du Comit\u00e9 agissent b\u00e9n\u00e9volement et peuvent pr\u00e9tendre \u00e0 l&rsquo;indemnisation de leurs frais r\u00e9els et de d\u00e9placement. Les jetons de pr\u00e9sence ne d\u00e9passent pas ceux accord\u00e9s pour les commissions officielles. Un d\u00e9dommagement peut \u00eatre envisag\u00e9 pour des activit\u00e9s exceptionnelles.<\/p>\n<p>&nbsp;<\/p>\n<p><strong>Dispositions Diverses<\/strong><\/p>\n<p><strong>Article 26<\/strong><\/p>\n<p>L&rsquo;exercice social d\u00e9bute le 1er janvier et se termine le 31 d\u00e9cembre de chaque ann\u00e9e.<\/p>\n<p>&nbsp;<\/p>\n<p><strong>Article 27<\/strong><\/p>\n<p>L&rsquo;organe de contr\u00f4le des comptes v\u00e9rifie la gestion financi\u00e8re de l&rsquo;Association et pr\u00e9sente un rapport \u00e0 l&rsquo;Assembl\u00e9e g\u00e9n\u00e9rale. Il est compos\u00e9 de deux v\u00e9rificateurs et d&rsquo;un suppl\u00e9ant, pouvant \u00eatre membre ou non de l&rsquo;Association.<\/p>\n<p>&nbsp;<\/p>\n<p><strong>Article 28<\/strong><\/p>\n<p>En cas de dissolution de l&rsquo;Association, sa liquidation est confi\u00e9e au Comit\u00e9. Tout b\u00e9n\u00e9fice \u00e9ventuel sera attribu\u00e9 \u00e0 un organisme aux buts similaires, b\u00e9n\u00e9ficiant de l&rsquo;exon\u00e9ration fiscale. Aucun bien ne pourra \u00eatre attribu\u00e9 aux fondateurs physiques ou aux membres, ni utilis\u00e9 en leur faveur.<\/p>\n<p>&nbsp;<\/p>\n<p><strong>Article 29<\/strong><\/p>\n<p>Un r\u00e8glement int\u00e9rieur peut \u00eatre \u00e9tabli par le Comit\u00e9 afin de r\u00e9gir les points non pr\u00e9vus dans les statuts, notamment en ce qui concerne le fonctionnement interne de l&rsquo;association.<\/p>\n<p>&nbsp;<\/p>\n<p><strong>Fait \u00e0 Gen\u00e8ve, le 05 novembre 2023.<\/strong><\/p>\n<p>&nbsp;<\/p>\n<p>Pour le Centre Zagros pour les Droits de l\u2019Homme,<\/p>\n<p>Pr\u00e9sident du Comit\u00e9\u00a0\u00a0\u00a0\u00a0\u00a0\u00a0\u00a0\u00a0\u00a0\u00a0\u00a0\u00a0\u00a0\u00a0\u00a0\u00a0\u00a0\u00a0\u00a0\u00a0\u00a0\u00a0\u00a0\u00a0\u00a0\u00a0\u00a0\u00a0\u00a0\u00a0\u00a0\u00a0\u00a0\u00a0\u00a0\u00a0\u00a0\u00a0\u00a0\u00a0\u00a0\u00a0\u00a0\u00a0\u00a0\u00a0\u00a0\u00a0\u00a0\u00a0\u00a0\u00a0\u00a0\u00a0\u00a0 Directrice administrative ;<\/p>\n<p>Mohammad Azad SALAWATI\u00a0\u00a0\u00a0\u00a0\u00a0\u00a0\u00a0\u00a0\u00a0\u00a0\u00a0\u00a0\u00a0\u00a0\u00a0\u00a0\u00a0\u00a0\u00a0\u00a0\u00a0\u00a0\u00a0\u00a0\u00a0\u00a0\u00a0\u00a0\u00a0\u00a0\u00a0\u00a0\u00a0\u00a0\u00a0\u00a0 \u00a0 Samira MOHAMAD<\/p>\n","protected":false},"excerpt":{"rendered":"<p>D\u00e9nomination et si\u00e8ge Article 1 Sous la d\u00e9nomination de \u00ab Centre Zagros pour les Droits de l&rsquo;Homme \u00bb (ci-apr\u00e8s d\u00e9nomm\u00e9 \u00ab Centre Zagros \u00bb), une association de droit priv\u00e9, r\u00e9gie par les articles 60 et suivants du Code civil suisse (\u00ab CC \u00bb), est cr\u00e9\u00e9e. Sa dur\u00e9e est ind\u00e9termin\u00e9e. \u00a0 Article 2 Le si\u00e8ge social &hellip;<\/p>\n","protected":false},"author":1,"featured_media":0,"parent":0,"menu_order":0,"comment_status":"closed","ping_status":"closed","template":"","meta":{"footnotes":""},"class_list":["post-1662","page","type-page","status-publish",""],"_links":{"self":[{"href":"https:\/\/zagros-centre.org\/index.php?rest_route=\/wp\/v2\/pages\/1662","targetHints":{"allow":["GET"]}}],"collection":[{"href":"https:\/\/zagros-centre.org\/index.php?rest_route=\/wp\/v2\/pages"}],"about":[{"href":"https:\/\/zagros-centre.org\/index.php?rest_route=\/wp\/v2\/types\/page"}],"author":[{"embeddable":true,"href":"https:\/\/zagros-centre.org\/index.php?rest_route=\/wp\/v2\/users\/1"}],"replies":[{"embeddable":true,"href":"https:\/\/zagros-centre.org\/index.php?rest_route=%2Fwp%2Fv2%2Fcomments&post=1662"}],"version-history":[{"count":0,"href":"https:\/\/zagros-centre.org\/index.php?rest_route=\/wp\/v2\/pages\/1662\/revisions"}],"wp:attachment":[{"href":"https:\/\/zagros-centre.org\/index.php?rest_route=%2Fwp%2Fv2%2Fmedia&parent=1662"}],"curies":[{"name":"wp","href":"https:\/\/api.w.org\/{rel}","templated":true}]}}