{"id":19,"date":"2019-06-25T22:40:09","date_gmt":"2019-06-25T20:40:09","guid":{"rendered":"https:\/\/zagros-centre.org\/newsite\/?page_id=19"},"modified":"2025-04-05T23:04:02","modified_gmt":"2025-04-05T21:04:02","slug":"qui-sommes-nous","status":"publish","type":"page","link":"https:\/\/zagros-centre.org\/?page_id=19","title":{"rendered":"Qui sommes nous?"},"content":{"rendered":"\r\n<p>Le Centre Zagros pour les Droits de l&rsquo;Homme est une organisation non gouvernementale fond\u00e9e en 2010, bas\u00e9e \u00e0 Gen\u00e8ve, Suisse. Depuis juillet 2021, elle b\u00e9n\u00e9ficie du statut consultatif aupr\u00e8s du Conseil \u00e9conomique et social des Nations Unies (ECOSOC), renfor\u00e7ant ainsi sa capacit\u00e9 \u00e0 promouvoir les droits humains sur la sc\u00e8ne internationale.<\/p>\r\n<p>&nbsp;<\/p>\r\n<p><strong>Notre Mission<\/strong><\/p>\r\n<p>Nous aspirons \u00e0 un monde o\u00f9 chaque individu jouit pleinement des droits fondamentaux \u00e9nonc\u00e9s dans la D\u00e9claration universelle des droits de l&rsquo;homme et autres instruments internationaux pertinents. Notre engagement se traduit par les objectifs suivants :<\/p>\r\n<ul>\r\n<li>Promotion des droits de l&rsquo;homme\u00a0;<\/li>\r\n<li>Soutien au d\u00e9veloppement social\u00a0;<\/li>\r\n<li>Encouragement de l&rsquo;\u00e9galit\u00e9 des sexes\u00a0;<\/li>\r\n<li>D\u00e9fense des droits des enfants\u00a0;<\/li>\r\n<li>Protection des droits des peuples autochtones et des minorit\u00e9s\u00a0;<\/li>\r\n<li>Lutte pour l&rsquo;abolition de la peine de mort\u00a0;<\/li>\r\n<li>Promotion de la protection de l&rsquo;environnement.<\/li>\r\n<\/ul>\r\n<p>&nbsp;<\/p>\r\n<p><strong>Nos Activit\u00e9s<\/strong><\/p>\r\n<p>Pour atteindre ces objectifs, le Centre Zagros s&rsquo;engage dans diverses activit\u00e9s, notamment :<\/p>\r\n<ul>\r\n<li>Organisation de conf\u00e9rences et s\u00e9minaires sur les questions relatives aux droits de l&rsquo;homme, souvent en partenariat avec d&rsquo;autres organisations\u00a0;<\/li>\r\n<li>Participation \u00e0 des campagnes d&rsquo;aide aux victimes de violations des droits de l&rsquo;homme\u00a0;<\/li>\r\n<li>Promotion de l&rsquo;\u00e9ducation aux droits de l&rsquo;homme et soutien \u00e0 la recherche sur ces th\u00e9matiques\u00a0;<\/li>\r\n<li>\u00c9change d&rsquo;informations et coop\u00e9ration avec diverses organisations d\u00e9di\u00e9es aux droits de l&rsquo;homme.<\/li>\r\n<\/ul>\r\n<p>&nbsp;<\/p>\r\n<p><strong>Nos Ressources<\/strong><\/p>\r\n<p>Le Centre Zagros ne re\u00e7oit aucune subvention publique. Nos actions sont financ\u00e9es exclusivement par les contributions volontaires et les dons de nos membres, ainsi que par leur engagement b\u00e9n\u00e9vole continu.<\/p>\r\n<p>&nbsp;<\/p>\r\n<p><strong>Notre \u00c9quipe<\/strong><\/p>\r\n<p>Le Centre Zagros est compos\u00e9 d&rsquo;un comit\u00e9 ex\u00e9cutif d\u00e9mocratiquement \u00e9lu lors de l&rsquo;assembl\u00e9e g\u00e9n\u00e9rale annuelle, ainsi que de plusieurs sous-comit\u00e9s form\u00e9s de militants b\u00e9n\u00e9voles. Notre structure actuelle comprend :<\/p>\r\n<p>&nbsp;<\/p>\r\n<p style=\"text-align: justify;\">\n<table id=\"tablepress-1\" class=\"tablepress tablepress-id-1\">\n<tbody>\n<tr class=\"row-1\">\n\t<td class=\"column-1\">Pr\u00e9sident<\/td><td class=\"column-2\">M. Mohammad Azad Salawati<\/td><td class=\"column-3\"><img loading=\"lazy\" decoding=\"async\" src=\"https:\/\/zagros-centre.org\/wp-content\/uploads\/2023\/03\/AzadSalawati-194x240.jpg\" alt=\"\" width=\"120\" height=\"175\" class=\"alignnone size-medium wp-image-1630\" \/><\/td>\n<\/tr>\n<tr class=\"row-2\">\n\t<td class=\"column-1\">Directrice administrative<\/td><td class=\"column-2\">Mme. Samira Mohamad<\/td><td class=\"column-3\"><img loading=\"lazy\" decoding=\"async\" src=\"https:\/\/zagros-centre.org\/wp-content\/uploads\/2019\/07\/SamiraMohamad-186x240.jpg\" alt=\"\" width=\"120\" height=\"175\" class=\"alignnone size-medium wp-image-221\" \/><\/td>\n<\/tr>\n<tr class=\"row-3\">\n\t<td class=\"column-1\">Tr\u00e9sori\u00e8re<\/td><td class=\"column-2\">Mme. Anja OKSALAMPI<\/td><td class=\"column-3\"><img loading=\"lazy\" decoding=\"async\" src=\"https:\/\/zagros-centre.org\/wp-content\/uploads\/2024\/01\/Oksalampi-Anja-194x240.jpg\" alt=\"\" width=\"120\" height=\"175\" class=\"alignnone size-medium wp-image-1696\" \/><\/td>\n<\/tr>\n<tr class=\"row-4\">\n\t<td class=\"column-1\">Repr\u00e9sentante aupr\u00e8s des Nations Unies \u00e0 New York<\/td><td class=\"column-2\">Mme. Rez GARDI<\/td><td class=\"column-3\"><img loading=\"lazy\" decoding=\"async\" src=\"https:\/\/zagros-centre.org\/wp-content\/uploads\/2025\/04\/RezGardi.jpg\" alt=\"\" width=\"120\" height=\"175\" class=\"alignnone size-full wp-image-1952\" \/><\/td>\n<\/tr>\n<tr class=\"row-5\">\n\t<td class=\"column-1\">Repr\u00e9sentant en Irak et aupr\u00e8s du Gouvernement r\u00e9gional du Kurdistan<\/td><td class=\"column-2\">M. Sarkawt Rajab Haji MZURI<\/td><td class=\"column-3\"><img loading=\"lazy\" decoding=\"async\" src=\"https:\/\/zagros-centre.org\/wp-content\/uploads\/2025\/04\/SarkawtMzuri-684x870.jpg\" alt=\"\" width=\"120\" height=\"175\" class=\"alignnone size-large wp-image-1955\" \/><\/td>\n<\/tr>\n<tr class=\"row-6\">\n\t<td class=\"column-1\">Coordinateur des droits de l\u2019homme pour l\u2019Iran<\/td><td class=\"column-2\">M. Adel MAHMOUDI<\/td><td class=\"column-3\"><img loading=\"lazy\" decoding=\"async\" src=\"https:\/\/zagros-centre.org\/wp-content\/uploads\/2024\/02\/Adel_Mahmoudi-186x240.jpg\" alt=\"\" width=\"120\" height=\"175\" class=\"alignnone size-medium wp-image-1718\" \/><\/td>\n<\/tr>\n<\/tbody>\n<\/table>\n<!-- #tablepress-1 from cache -->","protected":false},"excerpt":{"rendered":"<p>Le Centre Zagros pour les Droits de l&rsquo;Homme est une organisation non gouvernementale fond\u00e9e en 2010, bas\u00e9e \u00e0 Gen\u00e8ve, Suisse. Depuis juillet 2021, elle b\u00e9n\u00e9ficie du statut consultatif aupr\u00e8s du Conseil \u00e9conomique et social des Nations Unies (ECOSOC), renfor\u00e7ant ainsi sa capacit\u00e9 \u00e0 promouvoir les droits humains sur la sc\u00e8ne internationale. &nbsp; Notre Mission Nous &hellip;<\/p>\n","protected":false},"author":1,"featured_media":0,"parent":0,"menu_order":0,"comment_status":"closed","ping_status":"closed","template":"","meta":{"footnotes":""},"class_list":["post-19","page","type-page","status-publish",""],"_links":{"self":[{"href":"https:\/\/zagros-centre.org\/index.php?rest_route=\/wp\/v2\/pages\/19","targetHints":{"allow":["GET"]}}],"collection":[{"href":"https:\/\/zagros-centre.org\/index.php?rest_route=\/wp\/v2\/pages"}],"about":[{"href":"https:\/\/zagros-centre.org\/index.php?rest_route=\/wp\/v2\/types\/page"}],"author":[{"embeddable":true,"href":"https:\/\/zagros-centre.org\/index.php?rest_route=\/wp\/v2\/users\/1"}],"replies":[{"embeddable":true,"href":"https:\/\/zagros-centre.org\/index.php?rest_route=%2Fwp%2Fv2%2Fcomments&post=19"}],"version-history":[{"count":0,"href":"https:\/\/zagros-centre.org\/index.php?rest_route=\/wp\/v2\/pages\/19\/revisions"}],"wp:attachment":[{"href":"https:\/\/zagros-centre.org\/index.php?rest_route=%2Fwp%2Fv2%2Fmedia&parent=19"}],"curies":[{"name":"wp","href":"https:\/\/api.w.org\/{rel}","templated":true}]}}