{"id":23,"date":"2019-06-25T22:48:13","date_gmt":"2019-06-25T20:48:13","guid":{"rendered":"https:\/\/zagros-centre.org\/newsite\/?page_id=23"},"modified":"2025-11-17T04:18:53","modified_gmt":"2025-11-17T03:18:53","slug":"contactez-nous","status":"publish","type":"page","link":"https:\/\/zagros-centre.org\/?page_id=23","title":{"rendered":"Contactez-nous"},"content":{"rendered":"<p>Pour nous contacter veuillez remplir le formulaire ci dessous ou nous adresser un courrier \u00e0 l&rsquo;adresse suivante:<br \/>\ninfo<span style=\"display:none;\">spam<\/span>@zagros-centre.org<\/p>\n    <div class=\"zagros-contact-wrapper\" dir=\"ltr\">\n        <form class=\"zagros-contact-form\" method=\"post\">\n            <h3 class=\"zagros-form-title\">Contact<\/h3>\n\n            \n            <input type=\"text\" name=\"zagros_hp\" value=\"\" style=\"display:none !important;\" autocomplete=\"off\">\n            <input type=\"hidden\" name=\"zagros_time\" value=\"1776968241\">\n\n            <div class=\"zagros-row\">\n                <label for=\"zagros_name\">Nom *<\/label>\n                <input type=\"text\" id=\"zagros_name\" name=\"zagros_name\" value=\"\" required>\n            <\/div>\n\n            <div class=\"zagros-row\">\n                <label for=\"zagros_email\">E-mail *<\/label>\n                <input type=\"email\" id=\"zagros_email\" name=\"zagros_email\" value=\"\" required>\n            <\/div>\n\n            <div class=\"zagros-row\">\n                <label for=\"zagros_subject\">Objet<\/label>\n                <input type=\"text\" id=\"zagros_subject\" name=\"zagros_subject\" value=\"\">\n            <\/div>\n\n            <div class=\"zagros-row\">\n                <label for=\"zagros_message\">Message *<\/label>\n                <textarea id=\"zagros_message\" name=\"zagros_message\" rows=\"6\" required><\/textarea>\n            <\/div>\n\n            <div class=\"zagros-row zagros-consent-row\">\n                <label class=\"zagros-consent-label\">\n                    <input type=\"checkbox\" name=\"zagros_consent\" value=\"1\"  required>\n                    <span>J\u2019accepte que mes donn\u00e9es saisies dans ce formulaire soient utilis\u00e9es pour \u00eatre contact\u00e9\u00b7e.<\/span>\n                <\/label>\n            <\/div>\n\n                            <div class=\"zagros-row zagros-recaptcha-row\">\n                    <div class=\"g-recaptcha\" data-sitekey=\"6LfFiQ8sAAAAAM3CTbk8sAXxwhoOV9tQrbPOzxZn\"><\/div>\n                <\/div>\n            \n            <div class=\"zagros-row zagros-submit-row\">\n                <input type=\"hidden\" id=\"zagros_acf_nonce\" name=\"zagros_acf_nonce\" value=\"ab30da3c21\" \/><input type=\"hidden\" name=\"_wp_http_referer\" value=\"\/index.php?rest_route=%2Fwp%2Fv2%2Fpages%2F23\" \/>                <input type=\"hidden\" name=\"zagros_acf_form_submitted\" value=\"1\">\n                <button type=\"submit\" class=\"zagros-submit-btn\">Envoyer<\/button>\n            <\/div>\n        <\/form>\n    <\/div>\n    \n","protected":false},"excerpt":{"rendered":"<p>Pour nous contacter veuillez remplir le formulaire ci dessous ou nous adresser un courrier \u00e0 l&rsquo;adresse suivante: infospam@zagros-centre.org<\/p>\n","protected":false},"author":1,"featured_media":0,"parent":0,"menu_order":0,"comment_status":"closed","ping_status":"closed","template":"","meta":{"footnotes":""},"class_list":["post-23","page","type-page","status-publish",""],"_links":{"self":[{"href":"https:\/\/zagros-centre.org\/index.php?rest_route=\/wp\/v2\/pages\/23","targetHints":{"allow":["GET"]}}],"collection":[{"href":"https:\/\/zagros-centre.org\/index.php?rest_route=\/wp\/v2\/pages"}],"about":[{"href":"https:\/\/zagros-centre.org\/index.php?rest_route=\/wp\/v2\/types\/page"}],"author":[{"embeddable":true,"href":"https:\/\/zagros-centre.org\/index.php?rest_route=\/wp\/v2\/users\/1"}],"replies":[{"embeddable":true,"href":"https:\/\/zagros-centre.org\/index.php?rest_route=%2Fwp%2Fv2%2Fcomments&post=23"}],"version-history":[{"count":0,"href":"https:\/\/zagros-centre.org\/index.php?rest_route=\/wp\/v2\/pages\/23\/revisions"}],"wp:attachment":[{"href":"https:\/\/zagros-centre.org\/index.php?rest_route=%2Fwp%2Fv2%2Fmedia&parent=23"}],"curies":[{"name":"wp","href":"https:\/\/api.w.org\/{rel}","templated":true}]}}